{"id":3057,"date":"2025-02-06T16:22:03","date_gmt":"2025-02-06T16:22:03","guid":{"rendered":"https:\/\/cooperative-u.wearetaka.com\/?page_id=3057"},"modified":"2025-02-11T14:39:09","modified_gmt":"2025-02-11T14:39:09","slug":"mentions-legales","status":"publish","type":"page","link":"https:\/\/cooperative-u.wearetaka.com\/index.php\/mentions-legales\/","title":{"rendered":"Mentions l\u00e9gales"},"content":{"rendered":"\t\t<div data-elementor-type=\"wp-page\" data-elementor-id=\"3057\" class=\"elementor elementor-3057\" data-elementor-post-type=\"page\">\n\t\t\t\t<div class=\"elementor-element elementor-element-f4696fb e-con-full e-flex e-con e-parent\" data-id=\"f4696fb\" data-element_type=\"container\" data-settings=\"{&quot;background_background&quot;:&quot;video&quot;}\">\n\t\t<div class=\"elementor-element elementor-element-0ce86a9 e-flex e-con-boxed e-con e-child\" data-id=\"0ce86a9\" data-element_type=\"container\">\n\t\t\t\t\t<div class=\"e-con-inner\">\n\t\t\t\t<div class=\"elementor-element elementor-element-f7d7450 elementor-hidden-desktop elementor-widget elementor-widget-image\" data-id=\"f7d7450\" data-element_type=\"widget\" data-widget_type=\"image.default\">\n\t\t\t\t<div class=\"elementor-widget-container\">\n\t\t\t\t\t\t\t\t\t\t\t\t\t\t\t\t<a href=\"https:\/\/cooperative-u.wearetaka.com\">\n\t\t\t\t\t\t\t<img decoding=\"async\" width=\"321\" height=\"93\" src=\"https:\/\/cooperative-u.wearetaka.com\/wp-content\/uploads\/2024\/12\/logo-emploi-blanc.svg\" class=\"attachment-large size-large wp-image-24\" alt=\"\" \/>\t\t\t\t\t\t\t\t<\/a>\n\t\t\t\t\t\t\t\t\t\t\t\t\t\t\t<\/div>\n\t\t\t\t<\/div>\n\t\t\t\t<div class=\"elementor-element elementor-element-991dc1d elementor-absolute elementor-hidden-tablet elementor-hidden-mobile elementor-widget elementor-widget-image\" data-id=\"991dc1d\" data-element_type=\"widget\" data-settings=\"{&quot;_position&quot;:&quot;absolute&quot;}\" data-widget_type=\"image.default\">\n\t\t\t\t<div class=\"elementor-widget-container\">\n\t\t\t\t\t\t\t\t\t\t\t\t\t\t\t\t<a href=\"https:\/\/cooperative-u.wearetaka.com\">\n\t\t\t\t\t\t\t<img fetchpriority=\"high\" decoding=\"async\" width=\"482\" height=\"140\" src=\"https:\/\/cooperative-u.wearetaka.com\/wp-content\/uploads\/2025\/02\/Logo-u-emploi.png\" class=\"attachment-full size-full wp-image-3212\" alt=\"\" srcset=\"https:\/\/cooperative-u.wearetaka.com\/wp-content\/uploads\/2025\/02\/Logo-u-emploi.png 482w, https:\/\/cooperative-u.wearetaka.com\/wp-content\/uploads\/2025\/02\/Logo-u-emploi-300x87.png 300w\" sizes=\"(max-width: 482px) 100vw, 482px\" \/>\t\t\t\t\t\t\t\t<\/a>\n\t\t\t\t\t\t\t\t\t\t\t\t\t\t\t<\/div>\n\t\t\t\t<\/div>\n\t\t\t\t\t<\/div>\n\t\t\t\t<\/div>\n\t\t<div class=\"elementor-element elementor-element-09f13cc e-flex e-con-boxed e-con e-child\" data-id=\"09f13cc\" data-element_type=\"container\">\n\t\t\t\t\t<div class=\"e-con-inner\">\n\t\t\t\t<div class=\"elementor-element elementor-element-db0c36c elementor-widget elementor-widget-heading\" data-id=\"db0c36c\" data-element_type=\"widget\" data-widget_type=\"heading.default\">\n\t\t\t\t<div class=\"elementor-widget-container\">\n\t\t\t\t\t<h1 class=\"elementor-heading-title elementor-size-default\">Informations l\u00e9gales<\/h1>\t\t\t\t<\/div>\n\t\t\t\t<\/div>\n\t\t\t\t\t<\/div>\n\t\t\t\t<\/div>\n\t\t\t\t<\/div>\n\t\t<div class=\"elementor-element elementor-element-0cb612c e-flex e-con-boxed e-con e-parent\" data-id=\"0cb612c\" data-element_type=\"container\">\n\t\t\t\t\t<div class=\"e-con-inner\">\n\t\t\t\t<div class=\"elementor-element elementor-element-0b5c673 elementor-widget elementor-widget-text-editor\" data-id=\"0b5c673\" data-element_type=\"widget\" data-widget_type=\"text-editor.default\">\n\t\t\t\t<div class=\"elementor-widget-container\">\n\t\t\t\t\t\t\t\t\t<div class=\"elementToProof\" data-ogsc=\"rgb(0, 0, 0)\">Le site <span data-ogsb=\"rgb(255, 255, 255)\"><a id=\"LPlnkOWAdbdaa471-9182-2f4a-2532-8152d73078f2\" class=\"OWAAutoLink\" title=\"http:\/\/jobdating.u-emploi.com\/\" href=\"http:\/\/jobdating.u-emploi.com\/\" target=\"_blank\" rel=\"noopener noreferrer\" data-auth=\"NotApplicable\" data-linkindex=\"14\" data-olk-copy-source=\"MessageBody\" data-ogsc=\"\" data-ogsb=\"rgb(255, 255, 255)\">jobdating.u-emploi.com <\/a><\/span>est la propri\u00e9t\u00e9 de la Coop\u00e9rative U, \u00e9ditrice du Site.<\/div><div data-ogsc=\"rgb(0, 0, 0)\">\u00a0<\/div><div data-ogsc=\"rgb(0, 0, 0)\"><strong>COOPERATIVE U<\/strong><\/div><div data-ogsc=\"rgb(0, 0, 0)\">\u00a0<\/div><div data-ogsc=\"rgb(0, 0, 0)\">SA Coop\u00e9rative \u00e0 capital variable, Union de coop\u00e9ratives de commer\u00e7ants ind\u00e9pendants,<br \/>20 rue d\u2019Arcueil<br \/>CS 10043<br \/>94533 Rungis Cedex<br \/>RCS de Cr\u00e9teil : 304 602 956<br \/>Siret 304 602 956 000142<br \/>TVA FR 10 304 602 956<\/div><div class=\"elementToProof\"><span data-ogsc=\"rgb(0, 0, 0)\">E-mail : <\/span><span data-ogsc=\"rgb(0, 126, 148)\"><a id=\"OWAec611d14-959d-daa4-a5f8-3c8fc9e9cc26\" class=\"OWAAutoLink\" title=\"mailto:contact.uemploi@systeme-u.fr\" href=\"mailto:contact.uemploi@systeme-u.fr\" data-ogsc=\"rgb(0, 126, 148)\">contact.uemploi@systeme-u.fr<\/a><\/span><\/div><div data-ogsc=\"rgb(0, 0, 0)\">T\u00e9l\u00e9phone (standard) :\u00a0<a href=\"tel:+33145159500\">+33 (0)1.45.15.95.00<\/a><\/div><div data-ogsc=\"rgb(0, 0, 0)\">\u00a0<\/div><div data-ogsc=\"rgb(0, 0, 0)\"><strong>SITE H\u00c9BERG\u00c9 PAR OVH Cloud<\/strong><\/div><div class=\"elementToProof\" data-ogsc=\"rgb(0, 0, 0)\">Soci\u00e9t\u00e9 de Traitement de donn\u00e9es, h\u00e9bergement et activit\u00e9s connexes<br \/>Num\u00e9ro de SIRET : 42476141900045\u00a0<\/div><div class=\"elementToProof\" data-ogsc=\"rgb(0, 0, 0)\"><p>Num\u00e9ro de TVA : FR22424761419<br \/>Si\u00e8ge social : OVH, 2 rue Kellermann 59100 ROUBAIX<\/p><p>T\u00e9l\u00e9phone : <a href=\"tel:+33805980425\">+33 805-980-425<\/a><\/p><\/div><div class=\"elementToProof\" data-ogsc=\"rgb(0, 0, 0)\">LANDING PAGE CR\u00c9\u00c9E PAR La soci\u00e9t\u00e9 TAKA<\/div><div class=\"elementToProof\" data-ogsc=\"rgb(0, 0, 0)\">SARL au capital de 5 000 \u20ac<br \/>RCS de Nanterre : num\u00e9ro 512 910 704\u00a0<br \/>Si\u00e8ge social : 2 place Jules G\u00e9velot 92130 Issy les Moulineaux<br \/>T\u00e9l\u00e9phone :\u00a0<a href=\"tel:+33184762693\">+33 (0)1 84 76 26 93<\/a>\u00a0<\/div><div class=\"elementToProof\" data-ogsc=\"rgb(0, 0, 0)\">La Coop\u00e9rative U est heureuse de vous accueillir sur sa landing page pour l&rsquo;organisation de son Job Dating national, avec les magasins participants, accessible \u00e0 l\u2019adresse suivante <span data-ogsb=\"rgb(255, 255, 255)\"><a id=\"LPlnkOWA7829eda5-92f8-a5d6-4153-ea536cf371fb\" class=\"OWAAutoLink\" title=\"http:\/\/jobdating.u-emploi.com\/\" href=\"http:\/\/jobdating.u-emploi.com\/\" target=\"_blank\" rel=\"noopener noreferrer\" data-linkindex=\"14\" data-auth=\"NotApplicable\" data-ogsc=\"\" data-ogsb=\"rgb(255, 255, 255)\">jobdating.u-emploi.com<\/a><\/span>\u00a0(ci-apr\u00e8s d\u00e9sign\u00e9 le \u00ab Site job dating U emploi \u00bb).<\/div><div class=\"elementToProof\" data-ogsc=\"rgb(0, 0, 0)\">Vous \u00eates invit\u00e9 \u00e0 lire attentivement les pr\u00e9sentes conditions d\u2019utilisation de cette landing page avant toute utilisation du site. L\u2019utilisation du Site vaut acceptation des pr\u00e9sentes. En cons\u00e9quence, en acc\u00e9dant au Site, tout internaute (ci-apr\u00e8s \u00ab Utilisateur \u00bb) s\u2019engage \u00e0 se conformer et \u00e0 respecter les r\u00e8gles ci-apr\u00e8s d\u00e9finies :<\/div><div data-ogsc=\"rgb(0, 0, 0)\">\u00a0<\/div><div data-ogsc=\"rgb(0, 0, 0)\"><p><span data-ogsc=\"rgb(0, 126, 148)\"><a id=\"OWA30f6a0ab-97fa-c335-0f1c-327dce46db00\" class=\"OWAAutoLink\" title=\"https:\/\/u-emploi.com\/nos-mentions-legales#1\" href=\"https:\/\/u-emploi.com\/nos-mentions-legales#1\" data-ogsc=\"rgb(0, 126, 148)\">1. PROPRIETE INTELLECTUELLE<\/a><\/span><br \/><span data-ogsc=\"rgb(0, 126, 148)\"><a id=\"OWA8464c26a-79e2-8d13-6b9a-c4f6e965c0bc\" class=\"OWAAutoLink\" title=\"https:\/\/u-emploi.com\/nos-mentions-legales#2\" href=\"https:\/\/u-emploi.com\/nos-mentions-legales#2\" data-ogsc=\"rgb(0, 126, 148)\">2. CONNEXION ET ACCESSIBILIT\u00c9 AU SITE<\/a><\/span><br \/><span data-ogsc=\"rgb(0, 126, 148)\"><a id=\"OWA81613c0b-7466-407e-35e5-7a50ca13b226\" class=\"OWAAutoLink\" title=\"https:\/\/u-emploi.com\/nos-mentions-legales#3\" href=\"https:\/\/u-emploi.com\/nos-mentions-legales#3\" data-ogsc=\"rgb(0, 126, 148)\">3. CHARTES U DES RECRUTEURS ET DES CANDIDATS<\/a><\/span><\/p><\/div><div data-ogsc=\"rgb(0, 0, 0)\"><strong>1. PROPRIETE INTELLECTUELLE<\/strong><\/div><div data-ogsc=\"rgb(0, 0, 0)\">\u00a0<\/div><div data-ogsc=\"rgb(0, 0, 0)\">Le Site U emploi est une \u0153uvre de l\u2019esprit prot\u00e9g\u00e9e par la l\u00e9gislation fran\u00e7aise et internationale sur le droit d\u2019auteur et de la propri\u00e9t\u00e9 intellectuelle.<\/div><div class=\"elementToProof\" data-ogsc=\"rgb(0, 0, 0)\">Le Site Job dating U emploi les \u00e9l\u00e9ments qui le composent (tels que, notamment, marques, logos, photographies, images, illustrations, textes, vid\u00e9os\u2026) sont la propri\u00e9t\u00e9 exclusive de la Coop\u00e9rative U Enseigne, ou sont inclus sur le site avec la permission des titulaires de droits. Toute reproduction et\/ou repr\u00e9sentation et\/ou diffusion, int\u00e9grale ou partielle, du Site Job dating\u00a0U emploi, ou de l\u2019un quelconque des \u00e9l\u00e9ments qui le composent, sur quelque support que ce soit, \u00e0 des fins autres que priv\u00e9es (commerciales notamment) est express\u00e9ment interdite. Toute reproduction et\/ou repr\u00e9sentation du Site U emploi devra faire l\u2019objet d\u2019une autorisation \u00e9crite et pr\u00e9alable de la Coop\u00e9rative U.<\/div><div data-ogsc=\"rgb(0, 0, 0)\">Marques<\/div><div class=\"elementToProof\" data-ogsc=\"rgb(0, 0, 0)\">Les marques et\/ou logos pr\u00e9sents sur le Site Job dating\u00a0U emploi sont des marques d\u00e9pos\u00e9es et donc prot\u00e9g\u00e9es par le droit des marques. Toute reproduction sans le consentement pr\u00e9alable, expr\u00e8s et \u00e9crit de la Coop\u00e9rative U constitue une contrefa\u00e7on p\u00e9nalement sanctionnable.<\/div><div class=\"elementToProof\" data-ogsc=\"rgb(0, 0, 0)\">\u00a0<\/div><div class=\"elementToProof\" data-ogsc=\"rgb(0, 0, 0)\">Base de donn\u00e9es<\/div><div data-ogsc=\"rgb(0, 0, 0)\">Les Bases de donn\u00e9es sont prot\u00e9g\u00e9es. Toute extraction ou tentative d\u2019extraction, totale ou partielle, est susceptible d\u2019engager la responsabilit\u00e9 civile et p\u00e9nale de tout contrevenant.<\/div><div class=\"elementToProof\" data-ogsc=\"rgb(0, 0, 0)\">Lien Hypertexte<\/div><div class=\"elementToProof\" data-ogsc=\"rgb(0, 0, 0)\">L\u2019Utilisateur n\u2019est pas autoris\u00e9 \u00e0 cr\u00e9er sur son propre site Internet un lien hypertexte pointant vers le Site Job dating\u00a0U emploi et\/ou vers les pages qu\u2019il contient sans autorisation \u00e9crite et pr\u00e9alable de la Coop\u00e9rative U. Pour toute demande d\u2019autorisation veuillez \u00e9crire un mail \u00e0 : <span data-ogsc=\"rgb(0, 126, 148)\"><a id=\"OWAb464e903-c5ec-d7e3-8c15-676919d2a63e\" class=\"OWAAutoLink\" title=\"mailto:contact.uemploi@systeme-u.fr\" href=\"mailto:contact.uemploi@systeme-u.fr\" data-ogsc=\"rgb(0, 126, 148)\">contact.uemploi@systeme-u.fr<\/a><\/span><\/div><div class=\"elementToProof\" data-ogsc=\"rgb(0, 0, 0)\">\u00a0<\/div><div data-ogsc=\"rgb(0, 0, 0)\"><strong>2. CONNEXION ET ACCESSIBILIT\u00c9 AU SITE<\/strong><\/div><div class=\"elementToProof\" data-ogsc=\"rgb(0, 0, 0)\">Acc\u00e8s au Site Job dating\u00a0U Emploi<\/div><div class=\"elementToProof\" data-ogsc=\"rgb(0, 0, 0)\">La Coop\u00e9rative U s\u2019efforce de maintenir accessible le site Job dating\u00a0u-emploi.com Toutefois, la responsabilit\u00e9 de la Coop\u00e9rative U ne saurait \u00eatre engag\u00e9e en cas de force majeure ou de fait ind\u00e9pendant de sa volont\u00e9, notamment en cas d\u2019interruption du service r\u00e9sultant d\u2019une d\u00e9faillance du r\u00e9seau t\u00e9l\u00e9phonique ou du fournisseur d\u2019acc\u00e8s \u00e0 internet de l\u2019Utilisateur. Il est pr\u00e9cis\u00e9 qu\u2019\u00e0 des fins de maintenance, de mise \u00e0 jour, et pour toute autre raison notamment d\u2019ordre technique, l\u2019acc\u00e8s au Site Job dating\u00a0U emploi pourra \u00eatre interrompu. La Coop\u00e9rative U Enseigne n\u2019est en aucun cas responsable de ces interruptions et des cons\u00e9quences qui peuvent en d\u00e9couler pour l\u2019Utilisateur.<\/div><div class=\"elementToProof\" data-ogsc=\"rgb(0, 0, 0)\">\u00a0<\/div><div data-ogsc=\"rgb(0, 0, 0)\"><strong>3. CHARTES U DES RECRUTEURS ET DES CANDIDATS<\/strong><\/div><div class=\"elementToProof\" data-ogsc=\"rgb(0, 0, 0)\">La Coop\u00e9rative U a mis en place des chartes \u00e0 destination des recruteurs U et des candidats afin des les informer des modalit\u00e9s de fonctionnement du Site Job dating\u00a0U emploi et de leurs obligations. La Coop\u00e9rative U se r\u00e9serve le droit de supprimer sans pr\u00e9avis tout message, contenu ou document non-conforme \u00e0 ces chartes et\/ou aux dispositions l\u00e9gales en vigueur.<\/div><div class=\"elementToProof\" data-ogsc=\"rgb(0, 0, 0)\">Tout litige portant sur l\u2019ex\u00e9cution ou l\u2019interpr\u00e9tation des pr\u00e9sentes conditions d\u2019utilisation du Site Job dating\u00a0U emploi sera de la comp\u00e9tence exclusive des tribunaux fran\u00e7ais et soumis \u00e0 la loi fran\u00e7aise.<\/div>\t\t\t\t\t\t\t\t<\/div>\n\t\t\t\t<\/div>\n\t\t\t\t\t<\/div>\n\t\t\t\t<\/div>\n\t\t<div class=\"elementor-element elementor-element-fd7ca86 e-flex e-con-boxed e-con e-parent\" data-id=\"fd7ca86\" data-element_type=\"container\">\n\t\t\t\t\t<div class=\"e-con-inner\">\n\t\t\t\t<div class=\"elementor-element elementor-element-4c13992 elementor-widget elementor-widget-spacer\" data-id=\"4c13992\" data-element_type=\"widget\" data-widget_type=\"spacer.default\">\n\t\t\t\t<div class=\"elementor-widget-container\">\n\t\t\t\t\t\t\t<div class=\"elementor-spacer\">\n\t\t\t<div class=\"elementor-spacer-inner\"><\/div>\n\t\t<\/div>\n\t\t\t\t\t\t<\/div>\n\t\t\t\t<\/div>\n\t\t\t\t\t<\/div>\n\t\t\t\t<\/div>\n\t\t<div class=\"elementor-element elementor-element-bb5695e e-con-full e-flex e-con e-parent\" data-id=\"bb5695e\" data-element_type=\"container\">\n\t\t\t\t<div class=\"elementor-element elementor-element-ae93239 elementor-widget elementor-widget-shortcode\" data-id=\"ae93239\" data-element_type=\"widget\" data-widget_type=\"shortcode.default\">\n\t\t\t\t<div class=\"elementor-widget-container\">\n\t\t\t\t\t\t\t<div class=\"elementor-shortcode\">\t\t<div data-elementor-type=\"container\" data-elementor-id=\"3080\" class=\"elementor elementor-3080\" data-elementor-post-type=\"elementor_library\">\n\t\t\t\t<div class=\"elementor-element elementor-element-7176581 e-con-full e-flex e-con e-parent\" data-id=\"7176581\" data-element_type=\"container\" data-settings=\"{&quot;background_background&quot;:&quot;classic&quot;}\">\n\t\t\t\t<div class=\"elementor-element elementor-element-d213de0 elementor-widget elementor-widget-image\" data-id=\"d213de0\" data-element_type=\"widget\" data-widget_type=\"image.default\">\n\t\t\t\t<div class=\"elementor-widget-container\">\n\t\t\t\t\t\t\t\t\t\t\t\t\t\t\t\t<a href=\"https:\/\/cooperative-u.wearetaka.com\">\n\t\t\t\t\t\t\t<img decoding=\"async\" width=\"454\" height=\"107\" src=\"https:\/\/cooperative-u.wearetaka.com\/wp-content\/uploads\/2024\/12\/Logo_cooperative-U__Quadri.svg\" class=\"attachment-large size-large wp-image-45\" alt=\"\" \/>\t\t\t\t\t\t\t\t<\/a>\n\t\t\t\t\t\t\t\t\t\t\t\t\t\t\t<\/div>\n\t\t\t\t<\/div>\n\t\t\t\t<div class=\"elementor-element elementor-element-73f6d10 elementor-widget elementor-widget-heading\" data-id=\"73f6d10\" data-element_type=\"widget\" data-widget_type=\"heading.default\">\n\t\t\t\t<div class=\"elementor-widget-container\">\n\t\t\t\t\t<h3 class=\"elementor-heading-title elementor-size-default\">Suivez-nous<\/h3>\t\t\t\t<\/div>\n\t\t\t\t<\/div>\n\t\t\t\t<div class=\"elementor-element elementor-element-a201e42 elementor-shape-circle elementor-grid-0 e-grid-align-center elementor-widget elementor-widget-social-icons\" data-id=\"a201e42\" data-element_type=\"widget\" data-widget_type=\"social-icons.default\">\n\t\t\t\t<div class=\"elementor-widget-container\">\n\t\t\t\t\t\t\t<div class=\"elementor-social-icons-wrapper elementor-grid\">\n\t\t\t\t\t\t\t<span class=\"elementor-grid-item\">\n\t\t\t\t\t<a class=\"elementor-icon elementor-social-icon elementor-social-icon-facebook-f elementor-repeater-item-5e56668\" href=\"https:\/\/www.facebook.com\/CooperativeU\" target=\"_blank\">\n\t\t\t\t\t\t<span class=\"elementor-screen-only\">Facebook-f<\/span>\n\t\t\t\t\t\t<svg class=\"e-font-icon-svg e-fab-facebook-f\" viewBox=\"0 0 320 512\" xmlns=\"http:\/\/www.w3.org\/2000\/svg\"><path d=\"M279.14 288l14.22-92.66h-88.91v-60.13c0-25.35 12.42-50.06 52.24-50.06h40.42V6.26S260.43 0 225.36 0c-73.22 0-121.08 44.38-121.08 124.72v70.62H22.89V288h81.39v224h100.17V288z\"><\/path><\/svg>\t\t\t\t\t<\/a>\n\t\t\t\t<\/span>\n\t\t\t\t\t\t\t<span class=\"elementor-grid-item\">\n\t\t\t\t\t<a class=\"elementor-icon elementor-social-icon elementor-social-icon-youtube elementor-repeater-item-ad36952\" href=\"https:\/\/www.youtube.com\/@CooperativeU\" target=\"_blank\">\n\t\t\t\t\t\t<span class=\"elementor-screen-only\">Youtube<\/span>\n\t\t\t\t\t\t<svg class=\"e-font-icon-svg e-fab-youtube\" viewBox=\"0 0 576 512\" xmlns=\"http:\/\/www.w3.org\/2000\/svg\"><path d=\"M549.655 124.083c-6.281-23.65-24.787-42.276-48.284-48.597C458.781 64 288 64 288 64S117.22 64 74.629 75.486c-23.497 6.322-42.003 24.947-48.284 48.597-11.412 42.867-11.412 132.305-11.412 132.305s0 89.438 11.412 132.305c6.281 23.65 24.787 41.5 48.284 47.821C117.22 448 288 448 288 448s170.78 0 213.371-11.486c23.497-6.321 42.003-24.171 48.284-47.821 11.412-42.867 11.412-132.305 11.412-132.305s0-89.438-11.412-132.305zm-317.51 213.508V175.185l142.739 81.205-142.739 81.201z\"><\/path><\/svg>\t\t\t\t\t<\/a>\n\t\t\t\t<\/span>\n\t\t\t\t\t\t\t<span class=\"elementor-grid-item\">\n\t\t\t\t\t<a class=\"elementor-icon elementor-social-icon elementor-social-icon-linkedin-in elementor-repeater-item-2f387c4\" href=\"https:\/\/www.linkedin.com\/company\/coop%C3%A9rative-u\/\" target=\"_blank\">\n\t\t\t\t\t\t<span class=\"elementor-screen-only\">Linkedin-in<\/span>\n\t\t\t\t\t\t<svg class=\"e-font-icon-svg e-fab-linkedin-in\" viewBox=\"0 0 448 512\" xmlns=\"http:\/\/www.w3.org\/2000\/svg\"><path d=\"M100.28 448H7.4V148.9h92.88zM53.79 108.1C24.09 108.1 0 83.5 0 53.8a53.79 53.79 0 0 1 107.58 0c0 29.7-24.1 54.3-53.79 54.3zM447.9 448h-92.68V302.4c0-34.7-.7-79.2-48.29-79.2-48.29 0-55.69 37.7-55.69 76.7V448h-92.78V148.9h89.08v40.8h1.3c12.4-23.5 42.69-48.3 87.88-48.3 94 0 111.28 61.9 111.28 142.3V448z\"><\/path><\/svg>\t\t\t\t\t<\/a>\n\t\t\t\t<\/span>\n\t\t\t\t\t\t\t<span class=\"elementor-grid-item\">\n\t\t\t\t\t<a class=\"elementor-icon elementor-social-icon elementor-social-icon-instagram elementor-repeater-item-925d96f\" href=\"https:\/\/www.instagram.com\/cooperativeu\/\" target=\"_blank\">\n\t\t\t\t\t\t<span class=\"elementor-screen-only\">Instagram<\/span>\n\t\t\t\t\t\t<svg class=\"e-font-icon-svg e-fab-instagram\" viewBox=\"0 0 448 512\" xmlns=\"http:\/\/www.w3.org\/2000\/svg\"><path d=\"M224.1 141c-63.6 0-114.9 51.3-114.9 114.9s51.3 114.9 114.9 114.9S339 319.5 339 255.9 287.7 141 224.1 141zm0 189.6c-41.1 0-74.7-33.5-74.7-74.7s33.5-74.7 74.7-74.7 74.7 33.5 74.7 74.7-33.6 74.7-74.7 74.7zm146.4-194.3c0 14.9-12 26.8-26.8 26.8-14.9 0-26.8-12-26.8-26.8s12-26.8 26.8-26.8 26.8 12 26.8 26.8zm76.1 27.2c-1.7-35.9-9.9-67.7-36.2-93.9-26.2-26.2-58-34.4-93.9-36.2-37-2.1-147.9-2.1-184.9 0-35.8 1.7-67.6 9.9-93.9 36.1s-34.4 58-36.2 93.9c-2.1 37-2.1 147.9 0 184.9 1.7 35.9 9.9 67.7 36.2 93.9s58 34.4 93.9 36.2c37 2.1 147.9 2.1 184.9 0 35.9-1.7 67.7-9.9 93.9-36.2 26.2-26.2 34.4-58 36.2-93.9 2.1-37 2.1-147.8 0-184.8zM398.8 388c-7.8 19.6-22.9 34.7-42.6 42.6-29.5 11.7-99.5 9-132.1 9s-102.7 2.6-132.1-9c-19.6-7.8-34.7-22.9-42.6-42.6-11.7-29.5-9-99.5-9-132.1s-2.6-102.7 9-132.1c7.8-19.6 22.9-34.7 42.6-42.6 29.5-11.7 99.5-9 132.1-9s102.7-2.6 132.1 9c19.6 7.8 34.7 22.9 42.6 42.6 11.7 29.5 9 99.5 9 132.1s2.7 102.7-9 132.1z\"><\/path><\/svg>\t\t\t\t\t<\/a>\n\t\t\t\t<\/span>\n\t\t\t\t\t<\/div>\n\t\t\t\t\t\t<\/div>\n\t\t\t\t<\/div>\n\t\t\t\t<div class=\"elementor-element elementor-element-aff6db9 elementor-widget__width-initial elementor-widget-divider--view-line elementor-widget elementor-widget-divider\" data-id=\"aff6db9\" data-element_type=\"widget\" data-widget_type=\"divider.default\">\n\t\t\t\t<div class=\"elementor-widget-container\">\n\t\t\t\t\t\t\t<div class=\"elementor-divider\">\n\t\t\t<span class=\"elementor-divider-separator\">\n\t\t\t\t\t\t<\/span>\n\t\t<\/div>\n\t\t\t\t\t\t<\/div>\n\t\t\t\t<\/div>\n\t\t\t\t<div class=\"elementor-element elementor-element-f7a919c elementor-icon-list--layout-inline elementor-align-center elementor-list-item-link-full_width elementor-widget elementor-widget-icon-list\" data-id=\"f7a919c\" data-element_type=\"widget\" data-widget_type=\"icon-list.default\">\n\t\t\t\t<div class=\"elementor-widget-container\">\n\t\t\t\t\t\t\t<ul class=\"elementor-icon-list-items elementor-inline-items\">\n\t\t\t\t\t\t\t<li class=\"elementor-icon-list-item elementor-inline-item\">\n\t\t\t\t\t\t\t\t\t\t\t<a href=\"https:\/\/cooperative-u.wearetaka.com\/index.php\/mentions-legales\/\">\n\n\t\t\t\t\t\t\t\t\t\t\t<span class=\"elementor-icon-list-text\">Mentions l\u00e9gales<\/span>\n\t\t\t\t\t\t\t\t\t\t\t<\/a>\n\t\t\t\t\t\t\t\t\t<\/li>\n\t\t\t\t\t\t\t\t<li class=\"elementor-icon-list-item elementor-inline-item\">\n\t\t\t\t\t\t\t\t\t\t\t<span class=\"elementor-icon-list-icon\">\n\t\t\t\t\t\t\t<svg aria-hidden=\"true\" class=\"e-font-icon-svg e-fas-circle\" viewBox=\"0 0 512 512\" xmlns=\"http:\/\/www.w3.org\/2000\/svg\"><path d=\"M256 8C119 8 8 119 8 256s111 248 248 248 248-111 248-248S393 8 256 8z\"><\/path><\/svg>\t\t\t\t\t\t<\/span>\n\t\t\t\t\t\t\t\t\t\t<span class=\"elementor-icon-list-text\"><\/span>\n\t\t\t\t\t\t\t\t\t<\/li>\n\t\t\t\t\t\t\t\t<li class=\"elementor-icon-list-item elementor-inline-item\">\n\t\t\t\t\t\t\t\t\t\t\t<a href=\"https:\/\/cooperative-u.wearetaka.com\/index.php\/donnees-personnelles\">\n\n\t\t\t\t\t\t\t\t\t\t\t<span class=\"elementor-icon-list-text\">Donn\u00e9es personnelles<\/span>\n\t\t\t\t\t\t\t\t\t\t\t<\/a>\n\t\t\t\t\t\t\t\t\t<\/li>\n\t\t\t\t\t\t<\/ul>\n\t\t\t\t\t\t<\/div>\n\t\t\t\t<\/div>\n\t\t\t\t<\/div>\n\t\t\t\t<\/div>\n\t\t<\/div>\n\t\t\t\t\t\t<\/div>\n\t\t\t\t<\/div>\n\t\t\t\t<\/div>\n\t\t\t\t<\/div>\n\t\t","protected":false},"excerpt":{"rendered":"<p>Informations l\u00e9gales Le site jobdating.u-emploi.com est la propri\u00e9t\u00e9 de la Coop\u00e9rative U, \u00e9ditrice du Site.\u00a0COOPERATIVE U\u00a0SA Coop\u00e9rative \u00e0 capital variable, Union de coop\u00e9ratives de commer\u00e7ants ind\u00e9pendants,20 rue d\u2019ArcueilCS 1004394533 Rungis CedexRCS de Cr\u00e9teil : 304 602 956Siret 304 602 956 000142TVA FR 10 304 602 956E-mail : contact.uemploi@systeme-u.frT\u00e9l\u00e9phone (standard) :\u00a0+33 (0)1.45.15.95.00\u00a0SITE H\u00c9BERG\u00c9 PAR OVH CloudSoci\u00e9t\u00e9 [&hellip;]<\/p>\n","protected":false},"author":1,"featured_media":0,"parent":0,"menu_order":0,"comment_status":"closed","ping_status":"closed","template":"elementor_canvas","meta":{"_acf_changed":false,"footnotes":""},"class_list":["post-3057","page","type-page","status-publish","hentry"],"acf":[],"_links":{"self":[{"href":"https:\/\/cooperative-u.wearetaka.com\/index.php\/wp-json\/wp\/v2\/pages\/3057","targetHints":{"allow":["GET"]}}],"collection":[{"href":"https:\/\/cooperative-u.wearetaka.com\/index.php\/wp-json\/wp\/v2\/pages"}],"about":[{"href":"https:\/\/cooperative-u.wearetaka.com\/index.php\/wp-json\/wp\/v2\/types\/page"}],"author":[{"embeddable":true,"href":"https:\/\/cooperative-u.wearetaka.com\/index.php\/wp-json\/wp\/v2\/users\/1"}],"replies":[{"embeddable":true,"href":"https:\/\/cooperative-u.wearetaka.com\/index.php\/wp-json\/wp\/v2\/comments?post=3057"}],"version-history":[{"count":22,"href":"https:\/\/cooperative-u.wearetaka.com\/index.php\/wp-json\/wp\/v2\/pages\/3057\/revisions"}],"predecessor-version":[{"id":3275,"href":"https:\/\/cooperative-u.wearetaka.com\/index.php\/wp-json\/wp\/v2\/pages\/3057\/revisions\/3275"}],"wp:attachment":[{"href":"https:\/\/cooperative-u.wearetaka.com\/index.php\/wp-json\/wp\/v2\/media?parent=3057"}],"curies":[{"name":"wp","href":"https:\/\/api.w.org\/{rel}","templated":true}]}}