{"id":3071,"date":"2025-02-06T16:33:37","date_gmt":"2025-02-06T16:33:37","guid":{"rendered":"https:\/\/cooperative-u.wearetaka.com\/?page_id=3071"},"modified":"2025-02-11T14:39:16","modified_gmt":"2025-02-11T14:39:16","slug":"donnees-personnelles","status":"publish","type":"page","link":"https:\/\/cooperative-u.wearetaka.com\/index.php\/donnees-personnelles\/","title":{"rendered":"DONN\u00c9ES PERSONNELLES"},"content":{"rendered":"\t\t<div data-elementor-type=\"wp-page\" data-elementor-id=\"3071\" class=\"elementor elementor-3071\" data-elementor-post-type=\"page\">\n\t\t\t\t<div class=\"elementor-element elementor-element-27e753e e-con-full e-flex e-con e-parent\" data-id=\"27e753e\" data-element_type=\"container\" data-settings=\"{&quot;background_background&quot;:&quot;video&quot;}\">\n\t\t<div class=\"elementor-element elementor-element-bca7a53 e-flex e-con-boxed e-con e-child\" data-id=\"bca7a53\" data-element_type=\"container\">\n\t\t\t\t\t<div class=\"e-con-inner\">\n\t\t\t\t<div class=\"elementor-element elementor-element-8b0a981 elementor-hidden-desktop elementor-widget elementor-widget-image\" data-id=\"8b0a981\" data-element_type=\"widget\" data-widget_type=\"image.default\">\n\t\t\t\t<div class=\"elementor-widget-container\">\n\t\t\t\t\t\t\t\t\t\t\t\t\t\t\t\t<a href=\"https:\/\/cooperative-u.wearetaka.com\">\n\t\t\t\t\t\t\t<img decoding=\"async\" width=\"321\" height=\"93\" src=\"https:\/\/cooperative-u.wearetaka.com\/wp-content\/uploads\/2024\/12\/logo-emploi-blanc.svg\" class=\"attachment-large size-large wp-image-24\" alt=\"\" \/>\t\t\t\t\t\t\t\t<\/a>\n\t\t\t\t\t\t\t\t\t\t\t\t\t\t\t<\/div>\n\t\t\t\t<\/div>\n\t\t\t\t<div class=\"elementor-element elementor-element-28b15e5 elementor-absolute elementor-hidden-tablet elementor-hidden-mobile elementor-widget elementor-widget-image\" data-id=\"28b15e5\" data-element_type=\"widget\" data-settings=\"{&quot;_position&quot;:&quot;absolute&quot;}\" data-widget_type=\"image.default\">\n\t\t\t\t<div class=\"elementor-widget-container\">\n\t\t\t\t\t\t\t\t\t\t\t\t\t\t\t\t<a href=\"https:\/\/cooperative-u.wearetaka.com\">\n\t\t\t\t\t\t\t<img fetchpriority=\"high\" decoding=\"async\" width=\"482\" height=\"140\" src=\"https:\/\/cooperative-u.wearetaka.com\/wp-content\/uploads\/2025\/02\/Logo-u-emploi.png\" class=\"attachment-full size-full wp-image-3212\" alt=\"\" srcset=\"https:\/\/cooperative-u.wearetaka.com\/wp-content\/uploads\/2025\/02\/Logo-u-emploi.png 482w, https:\/\/cooperative-u.wearetaka.com\/wp-content\/uploads\/2025\/02\/Logo-u-emploi-300x87.png 300w\" sizes=\"(max-width: 482px) 100vw, 482px\" \/>\t\t\t\t\t\t\t\t<\/a>\n\t\t\t\t\t\t\t\t\t\t\t\t\t\t\t<\/div>\n\t\t\t\t<\/div>\n\t\t\t\t\t<\/div>\n\t\t\t\t<\/div>\n\t\t<div class=\"elementor-element elementor-element-a9ea7f1 e-flex e-con-boxed e-con e-child\" data-id=\"a9ea7f1\" data-element_type=\"container\">\n\t\t\t\t\t<div class=\"e-con-inner\">\n\t\t\t\t<div class=\"elementor-element elementor-element-1412604 elementor-widget elementor-widget-heading\" data-id=\"1412604\" data-element_type=\"widget\" data-widget_type=\"heading.default\">\n\t\t\t\t<div class=\"elementor-widget-container\">\n\t\t\t\t\t<h1 class=\"elementor-heading-title elementor-size-default\">Donn\u00e9es personnelles<\/h1>\t\t\t\t<\/div>\n\t\t\t\t<\/div>\n\t\t\t\t\t<\/div>\n\t\t\t\t<\/div>\n\t\t\t\t<\/div>\n\t\t<div class=\"elementor-element elementor-element-6488f72 e-flex e-con-boxed e-con e-parent\" data-id=\"6488f72\" data-element_type=\"container\">\n\t\t\t\t\t<div class=\"e-con-inner\">\n\t\t\t\t<div class=\"elementor-element elementor-element-8c3feda elementor-widget elementor-widget-text-editor\" data-id=\"8c3feda\" data-element_type=\"widget\" data-widget_type=\"text-editor.default\">\n\t\t\t\t<div class=\"elementor-widget-container\">\n\t\t\t\t\t\t\t\t\t<div data-ogsc=\"rgb(0, 0, 0)\">Les informations recueillies sont trait\u00e9es avec votre consentement par la Coop\u00e9rative U dans le cadre de la gestion du recrutement. Vos donn\u00e9es peuvent \u00eatre communiqu\u00e9es aux entit\u00e9s du Groupement U (Coop\u00e9rative U, U Logistique, U Tech), aux magasins U concern\u00e9s par la candidature ainsi qu&rsquo;\u00e0 des prestataires externes strictement n\u00e9cessaires \u00e0 la mise en \u0153uvre du traitement.<\/div><div data-ogsc=\"rgb(0, 0, 0)\">\u00a0<\/div><div data-ogsc=\"rgb(0, 0, 0)\">Les champs marqu\u00e9s d\u2019un ast\u00e9risque sont obligatoires. A d\u00e9faut de les renseigner, le traitement ne pourra pas \u00eatre effectu\u00e9. Dans les autres cas, elles sont facultatives et sans cons\u00e9quence pour l&rsquo;examen de votre dossier.<\/div><div data-ogsc=\"rgb(0, 0, 0)\">Votre\u00a0profil\u00a0pourra \u00eatre enrichi par le recruteur avec\u00a0des informations vous\u00a0concernant et collect\u00e9es lors\u00a0de ses \u00e9changes avec vous, qu\u2019ils soient \u00e9crits, t\u00e9l\u00e9phoniques ou qu\u2019il s\u2019agisse d\u2019entretiens physiques\u00a0et depuis\u00a0les r\u00e9seaux sociaux professionnel ou depuis toute source d\u2019information publique, lorsque ces informations sont utiles \u00e0 la gestion de votre candidature.<\/div><div data-ogsc=\"rgb(0, 0, 0)\">\u00a0<\/div><div data-ogsc=\"rgb(0, 0, 0)\">Vos donn\u00e9es personnelles sont conserv\u00e9es pendant une dur\u00e9e maximale de treize (13) mois apr\u00e8s le dernier contact avec\u00a0le recruteur,\u00a0la notion de dernier contact \u00e9tant entendue comme la date \u00e0 laquelle vous avez consenti \u00e0 la collecte de vos donn\u00e9es.Vos donn\u00e9es personnelles peuvent faire l&rsquo;objet de transferts vers des pays situ\u00e9s en dehors de l\u2019Union Europ\u00e9enne, pour la r\u00e9alisation d&rsquo;op\u00e9rations techniques de maintenance et d&rsquo;h\u00e9bergement. Ces transferts ont fait l&rsquo;objet d&rsquo;un encadrement juridique sp\u00e9cifique (clauses types de la commission europ\u00e9enne) afin que ces donn\u00e9es soient couvertes par un niveau de protection suffisant.<\/div><div data-ogsc=\"rgb(0, 0, 0)\">\u00a0<\/div><div data-ogsc=\"rgb(0, 0, 0)\">La coop\u00e9rative U enseigne et ses prestataires externes peuvent\u00a0\u00eatre amen\u00e9e \u00e0 transmettre vos donn\u00e9es personnelles \u00e0 une autorit\u00e9 judiciaire, sur r\u00e9quisition de celle-ci.<\/div><div data-ogsc=\"rgb(0, 0, 0)\">Dans le respect de la r\u00e9glementation applicable en mati\u00e8re de protection des donn\u00e9es \u00e0 caract\u00e8re personnel, vous disposez d\u2019un droit d\u2019acc\u00e8s, de rectification, de suppression et de portabilit\u00e9 de vos donn\u00e9es, ainsi que d\u2019un droit d\u2019opposition et de limitation \u00e0 l&rsquo;ensemble des donn\u00e9es vous concernant. Vous disposez \u00e9galement du droit de d\u00e9cider du sort de vos donn\u00e9es apr\u00e8s votre d\u00e9c\u00e8s. Lorsque le traitement est fond\u00e9 sur le consentement, vous pouvez \u00e9galement retirer ce consentement \u00e0 tout moment.<\/div><div><span data-ogsc=\"rgb(0, 0, 0)\">Ces droits s&rsquo;exercent :<br \/>&#8211; soit en \u00e9crivant : Coop\u00e9rative U &#8211; DPO &#8211; 20 rue d&rsquo;Arcueil \u2013 CS 10043 \u2013 94533 Rungis Cedex<br \/>&#8211; soit par email : <a class=\"ms-outlook-linkify\" href=\"mailto:contact.uemploi@systeme-u.fr\" data-ogsc=\"\">contact.uemploi@systeme-u.fr<\/a><br \/>Vous pouvez \u00e0 tout moment exercer votre droit de recours aupr\u00e8s de l\u2019Autorit\u00e9 comp\u00e9tente en mati\u00e8re de protection des donn\u00e9es personnelles <\/span><span data-ogsc=\"rgb(0, 0, 0)\">(CNIL &#8211;\u00a0Commission\u00a0Nationale Informatique et Libert\u00e9s\u00a0&#8211; <\/span><span data-ogsc=\"rgb(0, 126, 148)\"><a id=\"OWA66a8b283-70fa-1072-af2b-09a8991e571f\" class=\"OWAAutoLink\" title=\"http:\/\/www.cnil.fr\/\" href=\"http:\/\/www.cnil.fr\/\" data-ogsc=\"rgb(0, 126, 148)\">www.cnil.fr<\/a><\/span><span data-ogsc=\"rgb(0, 0, 0)\">).<\/span><\/div>\t\t\t\t\t\t\t\t<\/div>\n\t\t\t\t<\/div>\n\t\t\t\t\t<\/div>\n\t\t\t\t<\/div>\n\t\t<div class=\"elementor-element elementor-element-7a46c76 e-flex e-con-boxed e-con e-parent\" data-id=\"7a46c76\" data-element_type=\"container\">\n\t\t\t\t\t<div class=\"e-con-inner\">\n\t\t\t\t<div class=\"elementor-element elementor-element-fdfd7af elementor-widget elementor-widget-spacer\" data-id=\"fdfd7af\" data-element_type=\"widget\" data-widget_type=\"spacer.default\">\n\t\t\t\t<div class=\"elementor-widget-container\">\n\t\t\t\t\t\t\t<div class=\"elementor-spacer\">\n\t\t\t<div class=\"elementor-spacer-inner\"><\/div>\n\t\t<\/div>\n\t\t\t\t\t\t<\/div>\n\t\t\t\t<\/div>\n\t\t\t\t\t<\/div>\n\t\t\t\t<\/div>\n\t\t<div class=\"elementor-element elementor-element-9837d3f e-con-full e-flex e-con e-parent\" data-id=\"9837d3f\" data-element_type=\"container\">\n\t\t\t\t<div class=\"elementor-element elementor-element-1148f78 elementor-widget elementor-widget-shortcode\" data-id=\"1148f78\" data-element_type=\"widget\" data-widget_type=\"shortcode.default\">\n\t\t\t\t<div class=\"elementor-widget-container\">\n\t\t\t\t\t\t\t<div class=\"elementor-shortcode\">\t\t<div data-elementor-type=\"container\" data-elementor-id=\"3080\" class=\"elementor elementor-3080\" data-elementor-post-type=\"elementor_library\">\n\t\t\t\t<div class=\"elementor-element elementor-element-7176581 e-con-full e-flex e-con e-parent\" data-id=\"7176581\" data-element_type=\"container\" data-settings=\"{&quot;background_background&quot;:&quot;classic&quot;}\">\n\t\t\t\t<div class=\"elementor-element elementor-element-d213de0 elementor-widget elementor-widget-image\" data-id=\"d213de0\" data-element_type=\"widget\" data-widget_type=\"image.default\">\n\t\t\t\t<div class=\"elementor-widget-container\">\n\t\t\t\t\t\t\t\t\t\t\t\t\t\t\t\t<a href=\"https:\/\/cooperative-u.wearetaka.com\">\n\t\t\t\t\t\t\t<img decoding=\"async\" width=\"454\" height=\"107\" src=\"https:\/\/cooperative-u.wearetaka.com\/wp-content\/uploads\/2024\/12\/Logo_cooperative-U__Quadri.svg\" class=\"attachment-large size-large wp-image-45\" alt=\"\" \/>\t\t\t\t\t\t\t\t<\/a>\n\t\t\t\t\t\t\t\t\t\t\t\t\t\t\t<\/div>\n\t\t\t\t<\/div>\n\t\t\t\t<div class=\"elementor-element elementor-element-73f6d10 elementor-widget elementor-widget-heading\" data-id=\"73f6d10\" data-element_type=\"widget\" data-widget_type=\"heading.default\">\n\t\t\t\t<div class=\"elementor-widget-container\">\n\t\t\t\t\t<h3 class=\"elementor-heading-title elementor-size-default\">Suivez-nous<\/h3>\t\t\t\t<\/div>\n\t\t\t\t<\/div>\n\t\t\t\t<div class=\"elementor-element elementor-element-a201e42 elementor-shape-circle elementor-grid-0 e-grid-align-center elementor-widget elementor-widget-social-icons\" data-id=\"a201e42\" data-element_type=\"widget\" data-widget_type=\"social-icons.default\">\n\t\t\t\t<div class=\"elementor-widget-container\">\n\t\t\t\t\t\t\t<div class=\"elementor-social-icons-wrapper elementor-grid\">\n\t\t\t\t\t\t\t<span class=\"elementor-grid-item\">\n\t\t\t\t\t<a class=\"elementor-icon elementor-social-icon elementor-social-icon-facebook-f elementor-repeater-item-5e56668\" href=\"https:\/\/www.facebook.com\/CooperativeU\" target=\"_blank\">\n\t\t\t\t\t\t<span class=\"elementor-screen-only\">Facebook-f<\/span>\n\t\t\t\t\t\t<svg class=\"e-font-icon-svg e-fab-facebook-f\" viewBox=\"0 0 320 512\" xmlns=\"http:\/\/www.w3.org\/2000\/svg\"><path d=\"M279.14 288l14.22-92.66h-88.91v-60.13c0-25.35 12.42-50.06 52.24-50.06h40.42V6.26S260.43 0 225.36 0c-73.22 0-121.08 44.38-121.08 124.72v70.62H22.89V288h81.39v224h100.17V288z\"><\/path><\/svg>\t\t\t\t\t<\/a>\n\t\t\t\t<\/span>\n\t\t\t\t\t\t\t<span class=\"elementor-grid-item\">\n\t\t\t\t\t<a class=\"elementor-icon elementor-social-icon elementor-social-icon-youtube elementor-repeater-item-ad36952\" href=\"https:\/\/www.youtube.com\/@CooperativeU\" target=\"_blank\">\n\t\t\t\t\t\t<span class=\"elementor-screen-only\">Youtube<\/span>\n\t\t\t\t\t\t<svg class=\"e-font-icon-svg e-fab-youtube\" viewBox=\"0 0 576 512\" xmlns=\"http:\/\/www.w3.org\/2000\/svg\"><path d=\"M549.655 124.083c-6.281-23.65-24.787-42.276-48.284-48.597C458.781 64 288 64 288 64S117.22 64 74.629 75.486c-23.497 6.322-42.003 24.947-48.284 48.597-11.412 42.867-11.412 132.305-11.412 132.305s0 89.438 11.412 132.305c6.281 23.65 24.787 41.5 48.284 47.821C117.22 448 288 448 288 448s170.78 0 213.371-11.486c23.497-6.321 42.003-24.171 48.284-47.821 11.412-42.867 11.412-132.305 11.412-132.305s0-89.438-11.412-132.305zm-317.51 213.508V175.185l142.739 81.205-142.739 81.201z\"><\/path><\/svg>\t\t\t\t\t<\/a>\n\t\t\t\t<\/span>\n\t\t\t\t\t\t\t<span class=\"elementor-grid-item\">\n\t\t\t\t\t<a class=\"elementor-icon elementor-social-icon elementor-social-icon-linkedin-in elementor-repeater-item-2f387c4\" href=\"https:\/\/www.linkedin.com\/company\/coop%C3%A9rative-u\/\" target=\"_blank\">\n\t\t\t\t\t\t<span class=\"elementor-screen-only\">Linkedin-in<\/span>\n\t\t\t\t\t\t<svg class=\"e-font-icon-svg e-fab-linkedin-in\" viewBox=\"0 0 448 512\" xmlns=\"http:\/\/www.w3.org\/2000\/svg\"><path d=\"M100.28 448H7.4V148.9h92.88zM53.79 108.1C24.09 108.1 0 83.5 0 53.8a53.79 53.79 0 0 1 107.58 0c0 29.7-24.1 54.3-53.79 54.3zM447.9 448h-92.68V302.4c0-34.7-.7-79.2-48.29-79.2-48.29 0-55.69 37.7-55.69 76.7V448h-92.78V148.9h89.08v40.8h1.3c12.4-23.5 42.69-48.3 87.88-48.3 94 0 111.28 61.9 111.28 142.3V448z\"><\/path><\/svg>\t\t\t\t\t<\/a>\n\t\t\t\t<\/span>\n\t\t\t\t\t\t\t<span class=\"elementor-grid-item\">\n\t\t\t\t\t<a class=\"elementor-icon elementor-social-icon elementor-social-icon-instagram elementor-repeater-item-925d96f\" href=\"https:\/\/www.instagram.com\/cooperativeu\/\" target=\"_blank\">\n\t\t\t\t\t\t<span class=\"elementor-screen-only\">Instagram<\/span>\n\t\t\t\t\t\t<svg class=\"e-font-icon-svg e-fab-instagram\" viewBox=\"0 0 448 512\" xmlns=\"http:\/\/www.w3.org\/2000\/svg\"><path d=\"M224.1 141c-63.6 0-114.9 51.3-114.9 114.9s51.3 114.9 114.9 114.9S339 319.5 339 255.9 287.7 141 224.1 141zm0 189.6c-41.1 0-74.7-33.5-74.7-74.7s33.5-74.7 74.7-74.7 74.7 33.5 74.7 74.7-33.6 74.7-74.7 74.7zm146.4-194.3c0 14.9-12 26.8-26.8 26.8-14.9 0-26.8-12-26.8-26.8s12-26.8 26.8-26.8 26.8 12 26.8 26.8zm76.1 27.2c-1.7-35.9-9.9-67.7-36.2-93.9-26.2-26.2-58-34.4-93.9-36.2-37-2.1-147.9-2.1-184.9 0-35.8 1.7-67.6 9.9-93.9 36.1s-34.4 58-36.2 93.9c-2.1 37-2.1 147.9 0 184.9 1.7 35.9 9.9 67.7 36.2 93.9s58 34.4 93.9 36.2c37 2.1 147.9 2.1 184.9 0 35.9-1.7 67.7-9.9 93.9-36.2 26.2-26.2 34.4-58 36.2-93.9 2.1-37 2.1-147.8 0-184.8zM398.8 388c-7.8 19.6-22.9 34.7-42.6 42.6-29.5 11.7-99.5 9-132.1 9s-102.7 2.6-132.1-9c-19.6-7.8-34.7-22.9-42.6-42.6-11.7-29.5-9-99.5-9-132.1s-2.6-102.7 9-132.1c7.8-19.6 22.9-34.7 42.6-42.6 29.5-11.7 99.5-9 132.1-9s102.7-2.6 132.1 9c19.6 7.8 34.7 22.9 42.6 42.6 11.7 29.5 9 99.5 9 132.1s2.7 102.7-9 132.1z\"><\/path><\/svg>\t\t\t\t\t<\/a>\n\t\t\t\t<\/span>\n\t\t\t\t\t<\/div>\n\t\t\t\t\t\t<\/div>\n\t\t\t\t<\/div>\n\t\t\t\t<div class=\"elementor-element elementor-element-aff6db9 elementor-widget__width-initial elementor-widget-divider--view-line elementor-widget elementor-widget-divider\" data-id=\"aff6db9\" data-element_type=\"widget\" data-widget_type=\"divider.default\">\n\t\t\t\t<div class=\"elementor-widget-container\">\n\t\t\t\t\t\t\t<div class=\"elementor-divider\">\n\t\t\t<span class=\"elementor-divider-separator\">\n\t\t\t\t\t\t<\/span>\n\t\t<\/div>\n\t\t\t\t\t\t<\/div>\n\t\t\t\t<\/div>\n\t\t\t\t<div class=\"elementor-element elementor-element-f7a919c elementor-icon-list--layout-inline elementor-align-center elementor-list-item-link-full_width elementor-widget elementor-widget-icon-list\" data-id=\"f7a919c\" data-element_type=\"widget\" data-widget_type=\"icon-list.default\">\n\t\t\t\t<div class=\"elementor-widget-container\">\n\t\t\t\t\t\t\t<ul class=\"elementor-icon-list-items elementor-inline-items\">\n\t\t\t\t\t\t\t<li class=\"elementor-icon-list-item elementor-inline-item\">\n\t\t\t\t\t\t\t\t\t\t\t<a href=\"https:\/\/cooperative-u.wearetaka.com\/index.php\/mentions-legales\/\">\n\n\t\t\t\t\t\t\t\t\t\t\t<span class=\"elementor-icon-list-text\">Mentions l\u00e9gales<\/span>\n\t\t\t\t\t\t\t\t\t\t\t<\/a>\n\t\t\t\t\t\t\t\t\t<\/li>\n\t\t\t\t\t\t\t\t<li class=\"elementor-icon-list-item elementor-inline-item\">\n\t\t\t\t\t\t\t\t\t\t\t<span class=\"elementor-icon-list-icon\">\n\t\t\t\t\t\t\t<svg aria-hidden=\"true\" class=\"e-font-icon-svg e-fas-circle\" viewBox=\"0 0 512 512\" xmlns=\"http:\/\/www.w3.org\/2000\/svg\"><path d=\"M256 8C119 8 8 119 8 256s111 248 248 248 248-111 248-248S393 8 256 8z\"><\/path><\/svg>\t\t\t\t\t\t<\/span>\n\t\t\t\t\t\t\t\t\t\t<span class=\"elementor-icon-list-text\"><\/span>\n\t\t\t\t\t\t\t\t\t<\/li>\n\t\t\t\t\t\t\t\t<li class=\"elementor-icon-list-item elementor-inline-item\">\n\t\t\t\t\t\t\t\t\t\t\t<a href=\"https:\/\/cooperative-u.wearetaka.com\/index.php\/donnees-personnelles\">\n\n\t\t\t\t\t\t\t\t\t\t\t<span class=\"elementor-icon-list-text\">Donn\u00e9es personnelles<\/span>\n\t\t\t\t\t\t\t\t\t\t\t<\/a>\n\t\t\t\t\t\t\t\t\t<\/li>\n\t\t\t\t\t\t<\/ul>\n\t\t\t\t\t\t<\/div>\n\t\t\t\t<\/div>\n\t\t\t\t<\/div>\n\t\t\t\t<\/div>\n\t\t<\/div>\n\t\t\t\t\t\t<\/div>\n\t\t\t\t<\/div>\n\t\t\t\t<\/div>\n\t\t\t\t<\/div>\n\t\t","protected":false},"excerpt":{"rendered":"<p>Donn\u00e9es personnelles Les informations recueillies sont trait\u00e9es avec votre consentement par la Coop\u00e9rative U dans le cadre de la gestion du recrutement. Vos donn\u00e9es peuvent \u00eatre communiqu\u00e9es aux entit\u00e9s du Groupement U (Coop\u00e9rative U, U Logistique, U Tech), aux magasins U concern\u00e9s par la candidature ainsi qu&rsquo;\u00e0 des prestataires externes strictement n\u00e9cessaires \u00e0 la mise [&hellip;]<\/p>\n","protected":false},"author":1,"featured_media":0,"parent":0,"menu_order":0,"comment_status":"closed","ping_status":"closed","template":"elementor_canvas","meta":{"_acf_changed":false,"footnotes":""},"class_list":["post-3071","page","type-page","status-publish","hentry"],"acf":[],"_links":{"self":[{"href":"https:\/\/cooperative-u.wearetaka.com\/index.php\/wp-json\/wp\/v2\/pages\/3071","targetHints":{"allow":["GET"]}}],"collection":[{"href":"https:\/\/cooperative-u.wearetaka.com\/index.php\/wp-json\/wp\/v2\/pages"}],"about":[{"href":"https:\/\/cooperative-u.wearetaka.com\/index.php\/wp-json\/wp\/v2\/types\/page"}],"author":[{"embeddable":true,"href":"https:\/\/cooperative-u.wearetaka.com\/index.php\/wp-json\/wp\/v2\/users\/1"}],"replies":[{"embeddable":true,"href":"https:\/\/cooperative-u.wearetaka.com\/index.php\/wp-json\/wp\/v2\/comments?post=3071"}],"version-history":[{"count":19,"href":"https:\/\/cooperative-u.wearetaka.com\/index.php\/wp-json\/wp\/v2\/pages\/3071\/revisions"}],"predecessor-version":[{"id":3278,"href":"https:\/\/cooperative-u.wearetaka.com\/index.php\/wp-json\/wp\/v2\/pages\/3071\/revisions\/3278"}],"wp:attachment":[{"href":"https:\/\/cooperative-u.wearetaka.com\/index.php\/wp-json\/wp\/v2\/media?parent=3071"}],"curies":[{"name":"wp","href":"https:\/\/api.w.org\/{rel}","templated":true}]}}